{"id":15,"date":"2025-12-08T22:38:02","date_gmt":"2025-12-08T21:38:02","guid":{"rendered":"https:\/\/sqrt.home.pl\/\/\/?post_type=product&#038;p=15"},"modified":"2026-04-13T21:19:59","modified_gmt":"2026-04-13T19:19:59","slug":"lot-szybowcem","status":"publish","type":"product","link":"https:\/\/sklep.lol.aero\/index.php\/product\/lot-szybowcem\/","title":{"rendered":"Termiczny lot szybowcem"},"content":{"rendered":"<p><b>START:<span class=\"Apple-converted-space\">\u00a0<\/span><\/b><\/p>\n<p>B\u0119dziesz pod dobr\u0105 opiek\u0105 polecisz z do\u015bwiadczonym instruktorem lub pilotem o najwy\u017cszych<span class=\"Apple-converted-space\">\u00a0 <\/span>umiej\u0119tno\u015bciach. Zadbamy o Tw\u00f3j komfort i bezpiecze\u0144stwo.<span class=\"Apple-converted-space\">\u00a0<\/span>Zajmiesz miejsce w pierwszej kabinie szybowca dwumiejscowego, za\u0142o\u017cysz spadochron i otrzymasz wszystkie niezb\u0119dne instrukcje.<span class=\"Apple-converted-space\">\u00a0<\/span>W powietrze wyholuje nas samolot. B\u0119dziesz podziwia\u0107 precyzj\u0119 pilota\u017cu samolotu holuj\u0105cego.<span class=\"Apple-converted-space\">\u00a0<\/span><\/p>\n<p><b>LOT:<span class=\"Apple-converted-space\">\u00a0<\/span><\/b><\/p>\n<p>Samolot wyholuje nas do komina termicznego i<span class=\"Apple-converted-space\">\u00a0 <\/span>odczepimy si\u0119 na wysoko\u015bci oko\u0142o 500 m. Po odczepieniu b\u0119dziemy kr\u0105\u017cy\u0107 i nabiera\u0107 wysoko\u015bci wewn\u0105trz strumienia wznosz\u0105cego si\u0119 powietrza, Mo\u017ce uda si\u0119 wznie\u015b\u0107 si\u0119 a\u017c do chmur. Temperatura b\u0119dzie spada\u0142a w miar\u0119 wznoszenia. Nawet w upalny dzie\u0144, na wysoko\u015bci oko\u0142o kilometra,<span class=\"Apple-converted-space\">\u00a0 <\/span>w kabinie zrobi si\u0119 przyjemnie ch\u0142odno<span class=\"Apple-converted-space\">\u00a0 <\/span>Wygl\u0105d ziemi b\u0119dzie zmienia\u0142 si\u0119 z wysoko\u015bci\u0105. B\u0119dziesz widzia\u0142 coraz dalej, mo\u017ce nawet zobaczymy miasta odleg\u0142e o kilkadziesi\u0105t kilometr\u00f3w. Mo\u017ce uda nam si\u0119 polata\u0107 z innymi szybowcami, mo\u017ce spotkamy kr\u0105\u017c\u0105ce ptaki &#8211; jastrz\u0119bia albo or\u0142a &#8211; to ca\u0142kiem mo\u017cliwe. Z du\u017cej wysoko\u015bci polecimy w wybranym przez Ciebie kierunku. Jak zechcesz otrzymasz pierwsz\u0105 lekcj\u0119 pilota\u017cu, wsp\u00f3lnie b\u0119dziemy sterowa\u0107 szybowcem, poznasz zasady sterowania, przekonasz si\u0119 jakie to \u0142atwe\u2026<span class=\"Apple-converted-space\">\u00a0<\/span><\/p>\n<p><b>L\u0104DOWANIE:<span class=\"Apple-converted-space\">\u00a0<\/span><\/b><\/p>\n<p>Wykonamy kr\u0105g dooko\u0142a lotniska i wyl\u0105dujemy blisko miejsca gdzie Twoje l\u0105dowanie b\u0119dzie mog\u0142o by\u0107 sfilmowane &#8211; na pami\u0105tk\u0119 tego dnia.<span class=\"Apple-converted-space\">\u00a0<\/span><\/p>\n","protected":false},"excerpt":{"rendered":"<p>Widokowy termiczny lot szybowcem tylko w dobrej pogodzie szybowcowej nad Lesznem i okolic\u0105, do 30 minut, wysoko pod chmurami. Od maja do wrze\u015bnia.<\/p>\n","protected":false},"featured_media":178,"comment_status":"open","ping_status":"closed","template":"","meta":[],"product_brand":[],"product_cat":[15],"product_tag":[],"class_list":{"0":"post-15","1":"product","2":"type-product","3":"status-publish","4":"has-post-thumbnail","6":"product_cat-uncategorized","8":"first","9":"instock","10":"downloadable","11":"virtual","12":"purchasable","13":"product-type-simple"},"_links":{"self":[{"href":"https:\/\/sklep.lol.aero\/index.php\/wp-json\/wp\/v2\/product\/15","targetHints":{"allow":["GET"]}}],"collection":[{"href":"https:\/\/sklep.lol.aero\/index.php\/wp-json\/wp\/v2\/product"}],"about":[{"href":"https:\/\/sklep.lol.aero\/index.php\/wp-json\/wp\/v2\/types\/product"}],"replies":[{"embeddable":true,"href":"https:\/\/sklep.lol.aero\/index.php\/wp-json\/wp\/v2\/comments?post=15"}],"wp:featuredmedia":[{"embeddable":true,"href":"https:\/\/sklep.lol.aero\/index.php\/wp-json\/wp\/v2\/media\/178"}],"wp:attachment":[{"href":"https:\/\/sklep.lol.aero\/index.php\/wp-json\/wp\/v2\/media?parent=15"}],"wp:term":[{"taxonomy":"product_brand","embeddable":true,"href":"https:\/\/sklep.lol.aero\/index.php\/wp-json\/wp\/v2\/product_brand?post=15"},{"taxonomy":"product_cat","embeddable":true,"href":"https:\/\/sklep.lol.aero\/index.php\/wp-json\/wp\/v2\/product_cat?post=15"},{"taxonomy":"product_tag","embeddable":true,"href":"https:\/\/sklep.lol.aero\/index.php\/wp-json\/wp\/v2\/product_tag?post=15"}],"curies":[{"name":"wp","href":"https:\/\/api.w.org\/{rel}","templated":true}]}}