{"id":103,"date":"2026-02-09T22:46:00","date_gmt":"2026-02-09T21:46:00","guid":{"rendered":"https:\/\/sklep.lol.aero\/?post_type=product&#038;p=103"},"modified":"2026-04-13T21:18:05","modified_gmt":"2026-04-13T19:18:05","slug":"lot-szybowcem-30-minut","status":"publish","type":"product","link":"https:\/\/sklep.lol.aero\/index.php\/product\/lot-szybowcem-30-minut\/","title":{"rendered":"Widokowy lot szybowcem"},"content":{"rendered":"<p><b>START:<span class=\"Apple-converted-space\">\u00a0<\/span><\/b><\/p>\n<p>B\u0119dziesz pod dobr\u0105 opiek\u0105 polecisz z do\u015bwiadczonym instruktorem lub pilotem o najwy\u017cszych<span class=\"Apple-converted-space\">\u00a0 <\/span>umiej\u0119tno\u015bciach. Zadbamy o Tw\u00f3j komfort i bezpiecze\u0144stwo.<span class=\"Apple-converted-space\">\u00a0<\/span>Zajmiesz miejsce w pierwszej kabinie szybowca dwumiejscowego, za\u0142o\u017cysz spadochron i otrzymasz wszystkie niezb\u0119dne instrukcje.<span class=\"Apple-converted-space\">\u00a0<\/span>W powietrze wyholuje nas samolot. B\u0119dziesz podziwia\u0107 precyzj\u0119 pilota\u017cu samolotu holuj\u0105cego.<span class=\"Apple-converted-space\">\u00a0<\/span><\/p>\n<p><b>LOT:<\/b><\/p>\n<p>Od samolotu odczepimy si\u0119 na wysoko\u015bci 400 m. Po odczepieniu w szybowcu zrobi si\u0119 cicho, b\u0119dzie s\u0142ycha\u0107 tylko delikatny szum powietrze przecinanego skrzyd\u0142ami. Z g\u00f3ry b\u0119dziesz podziwia\u0107 niezapomniane widoki na ziemi\u0119 i niebo. B\u0119dziemy lata\u0107 w pobli\u017cu lotniska, na kt\u00f3rym b\u0119d\u0105 na ciebie czekali bliscy, kt\u00f3rzy razem z Tob\u0105 prze\u017cywaj\u0105 tw\u00f3j lot. B\u0119dziesz ich widzia\u0142 z g\u00f3ry.<\/p>\n<p><b>L\u0104DOWANIE:<span class=\"Apple-converted-space\">\u00a0<\/span><\/b><\/p>\n<p>Wykonamy kr\u0105g dooko\u0142a lotniska i wyl\u0105dujemy blisko miejsca gdzie Twoje l\u0105dowanie b\u0119dzie mog\u0142o by\u0107 sfilmowane &#8211; na pami\u0105tk\u0119 tego dnia.<span class=\"Apple-converted-space\">\u00a0<\/span><\/p>\n","protected":false},"excerpt":{"rendered":"<p>Widokowy lot szybowcem w ka\u017cdej pogodzie szybowcowej od kwietnia do pa\u017adziernika nad lotniskiem w Lesznie nie kr\u00f3cej ni\u017c 10 minut.<\/p>\n","protected":false},"featured_media":177,"comment_status":"open","ping_status":"closed","template":"","meta":[],"product_brand":[],"product_cat":[15],"product_tag":[],"class_list":{"0":"post-103","1":"product","2":"type-product","3":"status-publish","4":"has-post-thumbnail","6":"product_cat-uncategorized","8":"first","9":"instock","10":"downloadable","11":"virtual","12":"purchasable","13":"product-type-simple"},"_links":{"self":[{"href":"https:\/\/sklep.lol.aero\/index.php\/wp-json\/wp\/v2\/product\/103","targetHints":{"allow":["GET"]}}],"collection":[{"href":"https:\/\/sklep.lol.aero\/index.php\/wp-json\/wp\/v2\/product"}],"about":[{"href":"https:\/\/sklep.lol.aero\/index.php\/wp-json\/wp\/v2\/types\/product"}],"replies":[{"embeddable":true,"href":"https:\/\/sklep.lol.aero\/index.php\/wp-json\/wp\/v2\/comments?post=103"}],"wp:featuredmedia":[{"embeddable":true,"href":"https:\/\/sklep.lol.aero\/index.php\/wp-json\/wp\/v2\/media\/177"}],"wp:attachment":[{"href":"https:\/\/sklep.lol.aero\/index.php\/wp-json\/wp\/v2\/media?parent=103"}],"wp:term":[{"taxonomy":"product_brand","embeddable":true,"href":"https:\/\/sklep.lol.aero\/index.php\/wp-json\/wp\/v2\/product_brand?post=103"},{"taxonomy":"product_cat","embeddable":true,"href":"https:\/\/sklep.lol.aero\/index.php\/wp-json\/wp\/v2\/product_cat?post=103"},{"taxonomy":"product_tag","embeddable":true,"href":"https:\/\/sklep.lol.aero\/index.php\/wp-json\/wp\/v2\/product_tag?post=103"}],"curies":[{"name":"wp","href":"https:\/\/api.w.org\/{rel}","templated":true}]}}