{"id":97,"date":"2026-02-04T12:26:43","date_gmt":"2026-02-04T11:26:43","guid":{"rendered":"https:\/\/sklep.lol.aero\/?page_id=97"},"modified":"2026-03-13T00:20:38","modified_gmt":"2026-03-12T23:20:38","slug":"regulamin","status":"publish","type":"page","link":"https:\/\/sklep.lol.aero\/index.php\/regulamin\/","title":{"rendered":"Regulamin"},"content":{"rendered":"\n<p>REGULAMIN WYKONYWANIA LOTO\u0301W WIDOKOWYCH (dalej: \u201eREGULAMIN\u201d)<\/p>\n\n\n\n<p>\u00a7 1. Postanowienia og\u00f3lne<br>1. Regulamin okre\u015bla wzajemne obowi\u0105zki Operatora i Pasa\u017cera w zakresie wykonania us\u0142ugi lotu widokowego zgodnie z obowi\u0105zuj\u0105cymi przepisami.<br>2. Na cele Regulaminu przyjmowane s\u0105 niniejsze definicje:<br>a) Dow\u00f3dca \u2013 pilot dow\u00f3dca wyznaczony przez reprezentanta Operatora na konkretny lot.<br>c) Lot widokowy \u2013 lot zapoznawczy w rozumieniu przepis\u00f3w rozporz\u0105dzenia (UE) nr 379\/2014 z 7 kwietnia 2014 r., tj. lot odp\u0142atny, w kt\u00f3rym start i l\u0105dowanie odbywaj\u0105 sie\u0328 w tym samym miejscu.<br>d) Lotnisko \u2013 obiekt wpisany do Rejestru lotnisk cywilnych prowadzonego przez Prezesa Urz\u0119du Lotnictwa Cywilnego.<br>e) Nabywca Vouchera \u2013 osoba dokonuj\u0105ca zakupu Vouchera nieb\u0119d\u0105ca jednocze\u015bnie Pasa\u017cerem.<br>f) Operator \u2013 Leszczy\u0144ski O\u015brodek Lotniczy p.s.a.<br>    ul. Szybownik\u00f3w 28, 64-100 Leszno (Tel. 780 164 000)<br>    NIP: 6972405615<br>    REGON: 540964004<br>g) Pasa\u017cer\u2013 ka\u017cda osoba, kt\u00f3ra na podstawie zakupionego vouchera lub uprawnienia wynikaj\u0105cego z innego stosunku prawnego (np. umowy z innym podmiotem) jest uprawniona do odbycia lotu w charakterze pasa\u017cera.<br>h) Voucher \u2013 wydrukowane potwierdzenie zakupu us\u0142ugi lotu widokowego.<br>3. Ka\u017cdy Pasa\u017cer jest zobowi\u0105zany do przestrzegania Regulaminu.<br>4. Operator wykonuje Loty widokowe zgodnie z przepisami ustawy z dnia 3 lipca 2002 r. Prawo lotnicze (t. jedn. Dz. U. z 2019 r., poz. 1580, dalej: \u201ePrawo lotnicze\u201d) a tak\u017ce przepisami rozporz\u0105dzenia (UE) nr 379\/2014 oraz rozporz\u0105dzenia (UE) nr 965\/2012 z 5 pa\u017adziernika 2012 r.<br>5. Operator moz\u0307e wykonywa\u0107 starty i l\u0105dowania z lotnisk i l\u0105dowisk.<br>6. Operator przestrzega zasad wykonywania lot\u00f3w okre\u015blonych w Regulaminie.<\/p>\n\n\n\n<p>\u00a7 2. Rezerwacja i sprzeda\u017c Vouchera<br>1. Zakup Vouchera moz\u0307e nasta\u0328pic\u0301 bezpo\u015brednio u Operatora jak r\u00f3wnie\u017c u autoryzowanego podmiotu po\u015brednicz\u0105cego, kt\u00f3ry jest zwi\u0105zany odpowiednia\u0328 umowa\u0328 z Operatorem. Operator nie nie ponosi odpowiedzialno\u015bci za dzia\u0142alno\u015b\u0107 innych podmiot\u00f3w, kt\u00f3re nie maja\u0328 jego autoryzacji oraz nie s\u0105 zwi\u0105zane z nim umowami na obs\u0142ug\u0119 sprzeda\u017cy Vouchero\u0301w.<br>2. Sprzeda\u017c Vouchera nast\u0119puje w momencie p\u0142atno\u015bci za wybrany wariant oferty przedstawionej przez Operatora.<br>3. Sprzeda\u017c Vouchera moz\u0307e odby\u0107 sie\u0328 poprzez:<br>a) P\u0142atno\u015b\u0107 bezpo\u015brednio u Operatora w kasie lub na podany przez niego rachunek bankowy,<br>b) P\u0142atno\u015b\u0107 w elektronicznym systemie sprzeda\u017cy,<br>c) P\u0142atno\u015b\u0107 u autoryzowanego przez Operatora po\u015brednika.<br>4. Dowodem sprzeda\u017cy jest otrzymanie potwierdzenia zaksi\u0119gowania p\u0142atno\u015bci lub samego Vouchera w wersji papierowej albo elektronicznej.<br>5. Koszt dostawy Vouchera ponosi Operator.<\/p>\n\n\n\n<p>\u00a7 3. Realizacja Vouchera<br>1. Wa\u017cny Voucher uprawnia pasa\u017cera do odbycia Lotu widokowego w ramach dzia\u0142alno\u015bci Operatora, na zasadach okre\u015blonych w ofercie i na Voucherze.<br>2. Voucher jest wa\u017cny, je\u017celi w systemie Operatora widnieje jako op\u0142acony i nie zosta\u0142 wcze\u015bniej wykorzystany. Voucher traci swoja\u0328 wa\u017cno\u015b\u0107 w przypadku odwo\u0142ania lub rezygnacji z Lotu widokowego z naruszeniem postanowie\u0144 Regulaminu.<br>3. Voucher obejmuje rodzaj Lotu widokowego wskazanego w umowie. Voucher jest realizowany na okaziciela. W przypadku, kiedy nabywca Vouchera nie b\u0119dzie Pasa\u017cerem, nabywca jest zobowi\u0105zany do przekazania Pasa\u017cerowi tre\u015bci obowi\u0105zk\u00f3w i ogranicze\u0144 wynikaj\u0105cych z Regulaminu.<br>4. Voucher jest wa\u017cny 12 miesi\u0119cy od dnia zakupu. Po up\u0142ywie wa\u017cno\u015bci vouchera Operator nie jest zobowi\u0105zany do realizacji jakichkolwiek \u015bwiadcze\u0144 na rzecz Pasa\u017cera, a Pasa\u017cerowi nie przys\u0142uguj\u0105 \u017cadne roszenia wobec Operatora w zwi\u0105zku z wykonaniem Lotu widokowego.<br>5. Pasa\u017cer mo\u017ce zarezerwowa\u0107 termin Lotu widokowego po wcze\u015bniejszym kontakcie z Operatorem zgodnie z danymi kontaktowymi wskazanymi na Voucherze. Termin wykonania Lotu widokowego b\u0119dzie uzale\u017cniony od warunk\u00f3w atmosferycznych a tak\u017ce mo\u017cliwo\u015bci operacyjnych i technicznych Operatora.<\/p>\n\n\n\n<p>\u00a7 4. Zmiana terminu i odwo\u0142anie Lot\u00f3w widokowych<br>1. Pasa\u017cer mo\u017ce odwo\u0142a\u0107 um\u00f3wiony Lot widokowy najp\u00f3\u017aniej 5 dni przed um\u00f3wionym dniem. Zachowanie wskazanego terminu uprawnia Pasa\u017cera do dokonania zmiany terminu Lotu widokowego, przy czym zmiana mo\u017ce nasta\u0328pic\u0301 nie wi\u0119cej ni\u017c 2 razy.<br>2. Odwo\u0142anie Lotu widokowego po up\u0142ywie terminu wskazanego w \u00a7 3 ust. 4 lub niestawienie si\u0119 na um\u00f3wiony termin bez odwo\u0142ania jest r\u00f3wnoznaczne ze zrealizowaniem Vouchera.<br>3. Operator mo\u017ce odwo\u0142a\u0107 lot widokowy z powodu:<br>a) Niekorzystnych warunk\u00f3w meteorologicznych,<br>b) Usterki technicznej,<br>c) Niedyspozycji os\u00f3b wymaganych do realizacji Lotu widokowego,<br>d) Innych okoliczno\u015bci wp\u0142ywaj\u0105cych negatywnie na poziom bezpiecze\u0144stwa, m.in. zmian w strukturze przestrzeni powietrznej, braku dost\u0119pno\u015bci wybranego lotniska lub l\u0105dowiska.<br>4. Operator mo\u017ce odwo\u0142a\u0107 lot widokowy z innych wa\u017cnych przyczyn, kt\u00f3re nie wp\u0142ywaj\u0105 na poziom bezpiecze\u0144stwa operacji lotniczej ale s\u0105 zwi\u0105zane z przedmiotem dzia\u0142alno\u015bci Operatora.<br>5. Odwo\u0142anie Lotu widokowego w sytuacjach okre\u015blonych w ust. 3 i 4 obliguje Operatora do wyznaczenia nowego terminu Lotu widokowego. Nowy termin zostanie ustalony z Pasa\u017cerem indywidualnie, lub opublikowany zostanie kalendarz dost\u0119pnych termin\u00f3w na stronie internetowej Operatora.<br>6. W przypadku odwo\u0142ania i zmiany terminu Lotu widokowego z powod\u00f3w wskazanych w ust. 3 i 4, Operator nie jest zobowi\u0105zany do ponoszenia dodatkowych koszt\u00f3w (zakwaterowanie, pokrycie koszt\u00f3w przejazdu Pasa\u017cera itp.).<br>7. Operator mo\u017ce odwo\u0142a\u0107 Lot widokowy z powodu naruszenia postanowie\u0144 Regulaminu przez Pasa\u017cera, w szczeg\u00f3lno\u015bci okre\u015blonych w \u00a7 8 i \u00a7 9. W takim przypadku Operator nie ponosi \u017cadnej odpowiedzialno\u015bci wobec Pasa\u017cera a Voucher uwa\u017ca sie\u0328 za zrealizowany.<br>8. Sposoby zmiany termin\u00f3w lot\u00f3w, kt\u00f3re wykonywane b\u0119d\u0105 na zlecenie innych podmiot\u00f3w zostan\u0105 okre\u015blone w tej umowie.<\/p>\n\n\n\n<p>\u00a7 5.Organizacja Lot\u00f3w widokowych<br>1. Loty widokowe s\u0105 organizowane na lotnisku EPLS (Leszno),<br>2. Start i l\u0105dowanie odbywaj\u0105 sie\u0328 na tym samym lotnisku, za wyj\u0105tkiem l\u0105dowa\u0144 awaryjnych i sytuacji nieprzewidzianych, zwi\u0105zanych z konieczno\u015bci\u0105 zapewnienia bezpiecze\u0144stwa operacji lotniczej.<br>3. Organizacja Lot\u00f3w widokowych musi by\u0107 uzgodniona z innymi podmiotami wykonuj\u0105cymi operacje lotnicze na Lotnisku i dodatkowo z jego zarz\u0105dzaj\u0105cym.<br>4. D\u0142ugo\u015b\u0107 lotu podana na voucherze jest orientacyjna i zale\u017cy m.in. od warunk\u00f3w atmosferycznych. W przypadku konieczno\u015bci zapewnienia bezpiecze\u0144stwa operacji lotniczej, Dow\u00f3dca ma prawo podj\u0105\u0107 decyzje\u0328 o l\u0105dowaniu przed up\u0142ywem wskazanego na voucherze czasu lotu. Ewentualne powt\u00f3rzenie lotu zale\u017cy od decyzji Operatora, podj\u0119tej w oparciu o panuj\u0105ce warunki meteorologiczne.<br>5. Pasa\u017cer jest zobowi\u0105zany do stawienia si\u0119 w um\u00f3wionym miejscu realizacji Lotu widokowego co najmniej 30 min przed um\u00f3wion\u0105 godzina\u0328 startu. Przybycie p\u00f3\u017aniej ni\u017c 30 minut przed um\u00f3wiona\u0328 godzina\u0328 startu mo\u017ce uzasadni\u0107 odmowe\u0328 wykonania Lotu widokowego w danym dniu, bez konsekwencji finansowych po stronie Operatora.<br>6. Osoba wskazana przez Operatora udziela Pasa\u017cerowi instrukcji z zakresu:<br>a) Sposobu wykonania lotu, zachowania si\u0119 w powietrzu i w kabinie statku powietrznego,<br>b) Materia\u0142\u00f3w zakazanych do wniesienia na pok\u0142ad statku powietrznego,<br>c) Zasad zachowania si\u0119 w sytuacji zagro\u017cenia bezpiecze\u0144stwa,<br>d) Poruszania si\u0119 po p\u0142ycie lotniska \/ l\u0105dowiska,<br>e) Innych zagadnie\u0144 zwi\u0105zanych z bezpiecze\u0144stwem operacji lotniczej.<\/p>\n\n\n\n<p>\u00a7 6. Pasa\u017cer<br>1. Pasa\u017cerem mo\u017ce by\u0107: osoba pe\u0142noletnia lub osoba nieletnia, pod warunkiem uko\u0144czenia 10 roku \u017cycia i przebywaj\u0105ca pod opiek\u0105 jednego rodzica lub opiekuna prawnego lub po okazania pisemnej zgody obojga rodzic\u00f3w lub opiekun\u00f3w prawnych.<br>2. Dopuszczalna waga Pasa\u017cera to 100 kg. Pasa\u017cer musi poda\u0107 swoja\u0328 aktualna\u0328 wage\u0328, a w przypadku polecenia Dow\u00f3dcy podda\u0107 sie\u0328 zwa\u017ceniu w celu umo\u017cliwienia oblicze\u0144 masy i wywa\u017cenia statku powietrznego.W przypadku przekroczenia ogranicze\u0144 za\u0142adunku statku powietrznego Dow\u00f3dca statku odmawia wykonania lotu a Operator nie ponosi z tego tytu\u0142u odpowiedzialno\u015bci.<br>3. Od momentu przekroczenia granic lotniska Pasa\u017cer i osoby towarzysz\u0105ce:<br>a) mog\u0105 przebywa\u0107 tylko pod nadzorem osoby wskazanej przez Operatora<br>b) bezwgl\u0119dnie stosuj\u0105 si\u0119 do polece\u0144 osoby wskazanej przez Operatora, dow\u00f3dc\u00f3w statk\u00f3w powietrznych i innych os\u00f3b funkcyjnych powo\u0142anych prze Operatora do obs\u0142ugi pasa\u017cer\u00f3w<br>c) Ponadto dzieci do uko\u0144czenia 4 roku \u017cycia musza\u0328 by\u0107 pod sta\u0142\u0105 opieka\u0328 co najmniej jednego rodzica lub opiekuna prawnego.<br>4. Od momentu zaj\u0119cia miejsca w statku powietrznym do czasu jego opuszczenia po zako\u0144czonym locie, Pasa\u017cer ma obowi\u0105zek bezwzgl\u0119dnego wykonywania wszystkich polece\u0144 Dow\u00f3dcy. W czasie ko\u0142owania na start a tak\u017ce startu, lotu i l\u0105dowania, Dow\u00f3dca jest jedyn\u0105 osoba\u0328 uprawniona\u0328 do podejmowania ka\u017cdej decyzji zwi\u0105zanej z wykonaniem lotu lub jego zako\u0144czeniem.<br>5. Po l\u0105dowaniu pasa\u017cer mo\u017ce opus\u0301cic\u0301 statek powietrzny tylko po jego zatrzymaniu i uzyskaniu zgody Dow\u00f3dcy.<br>6. Po locie pasa\u017cer mo\u017ce opu\u015bci\u0107 pole wzlot\u00f3w wy\u0142\u0105cznie pod nadzorem osoby wskazanej przez Operatora.<\/p>\n\n\n\n<p>\u00a77.<br>1. Lot\u00f3w widokowych nie wykonuje si\u0119:<br>a) Przy widzialno\u015bci mniejszej ni\u017c 4 km i podstawie chmur ni\u017cszej ni\u017c 600 m ,<br>b) Wcze\u015bniej ni\u017c 30 min przed wschodem s\u0142o\u0144ca i p\u00f3\u017aniej ni\u017c 30 min po zachodzie s\u0142o\u0144ca,<br>c) Nad zwarta\u0328 zabudowa\u0328 miast, osiedli i siedzib ludzkich lub nad zgromadzeniami os\u00f3b w otwartym terenie, na wysoko\u015bci mniejszej ni\u017c 300m (1000 ft) AGL,<br>d) Nad terenami innymi ni\u017c wymienione w lit. c) na wysoko\u015bci nie mniejszej ni\u017c 150 m (500 ft) AGL,<br>e) Nad miastami o liczbie mieszka\u0144co\u0301w:<br>\u2022 25 000-50 000 \u2013 nie ni\u017cej ni\u017c 1000 m AMSL,<br>\u2022 50 000-100 000 \u2013 nie ni\u017cej ni\u017c 1000 m AMSL,<br>\u2022 Powy\u017cej 100 000 \u2013 nie ni\u017cej ni\u017c 1500 m AMSL,<br>2. Ograniczenia okre\u015blone w ust. 1 lit. c)-e) nie obowi\u0105zuj\u0105 w odniesieniu do startu i l\u0105dowania statku powietrznego.<br>3. W czasie Lotu widokowego jedyn\u0105 osob\u0105 decyzyjn\u0105 jest Dow\u00f3dca.<\/p>\n\n\n\n<p>\u00a7 8. Bezpiecze\u0144stwo Lot\u00f3w widokowych<br>1. Przed lotem Pasa\u017cer zostaje przeszkolony w zakresie bezpiecze\u0144stwa w trakcie lotu i bezpiecznego poruszania si\u0119 na polu wzlot\u00f3w.<br>2. Przed startem do lotu widokowego Pasa\u017cer lub prawny opiekun Pasa\u017cera, je\u015bli Pasa\u017cer jest osoba\u0328 niepe\u0142noletnia\u0328, sk\u0142ada Dow\u00f3dcy albo Operatorowi pisemne o\u015bwiadczenie &#8211; potwierdzenie odbycia przeszkolenia w zakresie bezpiecze\u0144stwa w locie.<br>3. Pasa\u017cer w czasie Lotu widokowego musi mie\u0107 zapi\u0119te pasy bezpiecze\u0144stwa.<br>4.W czasie Lotu widokowego w sytuacji zagro\u017cenia, Dow\u00f3dca mo\u017ce odst\u0105pi\u0107 od okre\u015blonych procedur je\u017celi wymagaj\u0105 tego okoliczno\u015bci i ma to s\u0142u\u017cy\u0107 zapewnieniu odpowiedniego poziomu bezpiecze\u0144stwa. Obejmuje to r\u00f3wnie\u017c mo\u017cliwo\u015b\u0107 skr\u00f3cenia lotu z przyczyn uzasadniaj\u0105cych bezpiecze\u0144stwo operacji lotniczej. W takiej sytuacji Pasa\u017cerowi nie przys\u0142uguje roszczenie odszkodowawcze, jednak w szczeg\u00f3lnych wypadkach Operator mo\u017ce podj\u0105\u0107 decyzj\u0119 o powt\u00f3rzeniu lotu.<\/p>\n\n\n\n<p>\u00a7 9.Obowia\u0328zki i zachowanie Pasa\u017cera<br>1. Pasa\u017cer ma obowi\u0105zek bezwzgl\u0119dnego stosowania si\u0119 do polece\u0144 Dow\u00f3dcy.<br>2. Pasa\u017cer nie mo\u017ce dotyka\u0107 \u017cadnych urz\u0105dze\u0144 w statku powietrznym ani w inny spos\u00f3b wp\u0142ywa\u0107 na czynno\u015bci Dow\u00f3dcy.<br>3. Dow\u00f3dca ma prawo odm\u00f3wi\u0107 zabrania Pasa\u017cera znajduj\u0105cego si\u0119 pod wp\u0142ywem alkoholu lub substancji odurzaj\u0105cych. Pasa\u017cer nie mo\u017ce na lotnisku \/ l\u0105dowisku palic\u0301 papieros\u00f3w ani innych wyrob\u00f3w tytoniowych (r\u00f3wnie\u017c elektronicznych).<br>4. Pasa\u017cer musi przed Lotem widokowym poda\u0107 Dow\u00f3dcy informacje:<br>a) wzro\u015bcie i wadze<br>b) stanie zdrowia, w tym informacje o szczeg\u00f3lnym znaczeniu o nadci\u015bnieniu, padaczce, chorobach serca, chorobach psychicznych itp.<br>5. Dopuszczalne jest zabranie na Lot widokowy aparatu \/ kamery \/ telefonu, przy czym przedmioty te nie mog\u0105 utrudnia\u0107 Dow\u00f3dcy wykonywania czynno\u015bci w trakcie lotu. Decyzj\u0105 podejmuje ka\u017cdorazowo wy\u0142\u0105cznie Dow\u00f3dca. Za pozostawione poza statkiem powietrznym przedmioty Operator nie bierze<br>odpowiedzialno\u015bci.<br>6. W przypadku naruszenia przepis\u00f3w okre\u015blonych w ust. 1-5 Dow\u00f3dca mo\u017ce odm\u00f3wi\u0107 wykonania operacji lotniczej lub l\u0105dowa\u0107 wcze\u015bniej ni\u017c by\u0142o to planowane.<br>7. Pasa\u017cer ma obowi\u0105zek podania swoich danych osobowych osobie wskazanej przez Operatora.<br>8. Pasa\u017cer na lotnisku ma obowi\u0105zek wykonywania polece\u0144 os\u00f3b wskazanych przez Operatora do obs\u0142ugi Pasa\u017cer\u00f3w oraz os\u00f3b towatzsz\u0105cych.<br>9. Osoby niepe\u0142noletnie mog\u0105 odby\u0107 Lot widokowy tylko po okazania pisemnej zgody obojga rodzic\u00f3w lub opiekun\u00f3w prawnych lub w obecno\u015bci conajmniej jednego rodzica lub opiekuna prawnego.<\/p>\n\n\n\n<p>\u00a7 10. Odpowiedzialno\u015b\u0107 Pasa\u017cera<br>1. Pasa\u017cer jest odpowiedzialny za ka\u017cda\u0328 szkod\u0119, kt\u00f3ra\u0328 spowodowa\u0142 swoim zachowaniem podczas obecno\u015bci na lotnisku \/ l\u0105dowisku i w statku powietrznym, je\u017celi szkoda powsta\u0142a w zwi\u0105zku z naruszeniem Regulaminu przez Pasa\u017cera.<br>2. Pasa\u017cer jest odpowiedzialny za szkod\u0119, jaka\u0328 poni\u00f3s\u0142 Operator w wyniku wcze\u015bniejszego l\u0105dowania zgodnie z \u00a7 8 ust. 6 Regulaminu.<br>3. Je\u017celi nieodpowiednie zachowanie Pasa\u017cera ma miejsce przed startem, Dow\u00f3dca odmawia wykonania lotu a voucher uwa\u017ca sie\u0328 za zrealizowany, bez prawa do ponownego um\u00f3wienia terminu lotu.<br>4. W przypadku braku poinformowania Pasa\u017cera o obowi\u0105zkach wynikaj\u0105cych z Regulaminu zgodnie z \u00a7 3 ust. 3 niniejszego Regulaminu, za szkody razem z Pasa\u017cerem odpowiada solidarnie nabywca Vouchera.<\/p>\n\n\n\n<p>\u00a7 11. Odpowiedzialno\u015b\u0107 Operatora<br>1. Operator jest odpowiedzialny za bezpieczne wykonanie operacji lotniczej zgodnie z obowi\u0105zuj\u0105cymi przepisami, w szczeg\u00f3lno\u015bci:<br>a) wyznaczenie do lotu statku powietrznego zdatnego do lotu i dokonanie przegl\u0105du przedlotowego zgodnie z wymaganiami przepis\u00f3w lotniczych,<br>b) wyznaczenie na Dow\u00f3dc\u0119 pilota posiadaj\u0105cego wa\u017cn\u0105 licencj\u0119 SPL, spe\u0142niaj\u0105cego warunki bie\u017c\u0105cego do\u015bwiadczenia<br>c) powstrzymania si\u0119 od wykonania Lotu widokowego w przypadku warunk\u00f3w meteorologicznych niespe\u0142niaj\u0105cych minimalnych wymaga\u0144 do lot\u00f3w,<br>d) wykonywania lot\u00f3w wy\u0142\u0105cznie z lotnisk lub l\u0105dowisk dopuszczonych do operacji lotniczych.<br>2. Operator jest odpowiedzialny za realizacje\u0328 Lotu widokowego w um\u00f3wionym terminie, z uwzgl\u0119dnieniem postanowie\u0144 okre\u015blonych w \u00a7 3 ust. 4 Regulaminu.<br>3. Operator odpowiada za wst\u0119pne przeszkolenie Pasa\u017cera w zakresie bezpiecze\u0144stwa i zachowania na pok\u0142adzie statku powietrznego.<br>4. Operator odpowiada za umieszczenie w widocznych miejscach listy materia\u0142\u00f3w zabronionych do wnoszenia na pok\u0142ad statku powietrznego.<br>5. Operator odpowiada za organizacje\u0328 przemieszczania Pasa\u017cera po lotnisku i sta\u0142y nadz\u00f3r nad osobami na polu wzlot\u00f3w.<br>6. Operator nie odpowiada za niezrealizowanie Lotu widokowego, je\u017celi dosz\u0142o do niego z przyczyn niezale\u017cnych od Operatora. Za przyczyny niezale\u017cne od Operatora uwa\u017cane s\u0105 w szczeg\u00f3lno\u015bci pogorszenie warunk\u00f3w meteorologicznych, usterki techniczne statk\u00f3w powietrznych lub maszyn obs\u0142uguj\u0105cych statki powietrzne, niedyspozycje Dow\u00f3dcy, zamkni\u0119cie lotniska przez Zarz\u0105dzaj\u0105cego.<br>7. W przypadku wyst\u0105pienia okoliczno\u015bci wskazanych w ust. 6 strony uzgodni\u0105 dodatkowy termin wykonania Lotu widokowego, przy czym Operator nie jest zobowi\u0105zany do ponoszenia dodatkowych koszt\u00f3w (zakwaterowanie, pokrycie koszt\u00f3w przejazdu itp.).<\/p>\n\n\n\n<p>\u00a7 12. Przetwarzanie danych osobowych<br>1. Administratorem danych osobowych jest Operator.<br>2. Operator przetwarza nast\u0119puj\u0105ce rodzaje danych: dane osobowe, dane kontaktowe, waga Pasa\u017cera.<br>3. Dane b\u0119d\u0105 przetwarzane w celu prowadzenia organizacji Lot\u00f3w widokowych oraz obliczania masy i wywa\u017cenia statku powietrznego.<br>4. Podstawa\u0328 przetwarzania danych osobowych jest NCO.POL.100 Rozporz\u0105dzenia Komisji (UE) nr 965\/2012.<br>5. Dane mog\u0105 by\u0107 przechowywane przez okres 3 lat po zako\u0144czeniu Lotu widokowego.<br>6. Pasa\u017cer ma prawo dost\u0119pu do swoich danych osobowych, ich sprostowania, usuni\u0119cia lub ograniczenia przetwarzania, przy czym nie dotyczy to przetwarzania danych na cele wykonania Lotu widokowego.<\/p>\n","protected":false},"excerpt":{"rendered":"<p>REGULAMIN WYKONYWANIA LOTO\u0301W WIDOKOWYCH (dalej: \u201eREGULAMIN\u201d) \u00a7 1. Postanowienia og\u00f3lne1. Regulamin okre\u015bla wzajemne obowi\u0105zki Operatora i Pasa\u017cera w zakresie wykonania us\u0142ugi lotu widokowego zgodnie z obowi\u0105zuj\u0105cymi przepisami.2. Na cele Regulaminu przyjmowane s\u0105 niniejsze definicje:a) Dow\u00f3dca \u2013 pilot dow\u00f3dca wyznaczony przez reprezentanta Operatora na konkretny lot.c) Lot widokowy \u2013 lot zapoznawczy w rozumieniu przepis\u00f3w rozporz\u0105dzenia (UE) [&hellip;]<\/p>\n","protected":false},"author":1,"featured_media":0,"parent":0,"menu_order":0,"comment_status":"closed","ping_status":"closed","template":"","meta":{"lol_en_title":"","lol_en_content":"","footnotes":""},"class_list":["post-97","page","type-page","status-publish","hentry"],"_links":{"self":[{"href":"https:\/\/sklep.lol.aero\/index.php\/wp-json\/wp\/v2\/pages\/97","targetHints":{"allow":["GET"]}}],"collection":[{"href":"https:\/\/sklep.lol.aero\/index.php\/wp-json\/wp\/v2\/pages"}],"about":[{"href":"https:\/\/sklep.lol.aero\/index.php\/wp-json\/wp\/v2\/types\/page"}],"author":[{"embeddable":true,"href":"https:\/\/sklep.lol.aero\/index.php\/wp-json\/wp\/v2\/users\/1"}],"replies":[{"embeddable":true,"href":"https:\/\/sklep.lol.aero\/index.php\/wp-json\/wp\/v2\/comments?post=97"}],"version-history":[{"count":4,"href":"https:\/\/sklep.lol.aero\/index.php\/wp-json\/wp\/v2\/pages\/97\/revisions"}],"predecessor-version":[{"id":166,"href":"https:\/\/sklep.lol.aero\/index.php\/wp-json\/wp\/v2\/pages\/97\/revisions\/166"}],"wp:attachment":[{"href":"https:\/\/sklep.lol.aero\/index.php\/wp-json\/wp\/v2\/media?parent=97"}],"curies":[{"name":"wp","href":"https:\/\/api.w.org\/{rel}","templated":true}]}}